{"id":176,"date":"2024-08-19T16:15:22","date_gmt":"2024-08-19T16:15:22","guid":{"rendered":"https:\/\/haukkula.fi\/?page_id=176"},"modified":"2025-01-02T07:40:03","modified_gmt":"2025-01-02T07:40:03","slug":"sopimusehdot","status":"publish","type":"page","link":"https:\/\/haukkula.fi\/index.php\/sopimusehdot\/","title":{"rendered":"Sopimusehdot"},"content":{"rendered":"<style>\/*! elementor - v3.23.0 - 25-07-2024 *\/<br \/>\n.elementor-column .elementor-spacer-inner{height:var(--spacer-size)}.e-con{--container-widget-width:100%}.e-con-inner>.elementor-widget-spacer,.e-con>.elementor-widget-spacer{width:var(--container-widget-width,var(--spacer-size));--align-self:var(--container-widget-align-self,initial);--flex-shrink:0}.e-con-inner>.elementor-widget-spacer>.elementor-widget-container,.e-con>.elementor-widget-spacer>.elementor-widget-container{height:100%;width:100%}.e-con-inner>.elementor-widget-spacer>.elementor-widget-container>.elementor-spacer,.e-con>.elementor-widget-spacer>.elementor-widget-container>.elementor-spacer{height:100%}.e-con-inner>.elementor-widget-spacer>.elementor-widget-container>.elementor-spacer>.elementor-spacer-inner,.e-con>.elementor-widget-spacer>.elementor-widget-container>.elementor-spacer>.elementor-spacer-inner{height:var(--container-widget-height,var(--spacer-size))}.e-con-inner>.elementor-widget-spacer.elementor-widget-empty,.e-con>.elementor-widget-spacer.elementor-widget-empty{position:relative;min-height:22px;min-width:22px}.e-con-inner>.elementor-widget-spacer.elementor-widget-empty .elementor-widget-empty-icon,.e-con>.elementor-widget-spacer.elementor-widget-empty .elementor-widget-empty-icon{position:absolute;top:0;bottom:0;left:0;right:0;margin:auto;padding:0;width:22px;height:22px}<\/style>\n<style>\/*! elementor - v3.23.0 - 25-07-2024 *\/<br \/>\n.elementor-heading-title{padding:0;margin:0;line-height:1}.elementor-widget-heading .elementor-heading-title[class*=elementor-size-]>a{color:inherit;font-size:inherit;line-height:inherit}.elementor-widget-heading .elementor-heading-title.elementor-size-small{font-size:15px}.elementor-widget-heading .elementor-heading-title.elementor-size-medium{font-size:19px}.elementor-widget-heading .elementor-heading-title.elementor-size-large{font-size:29px}.elementor-widget-heading .elementor-heading-title.elementor-size-xl{font-size:39px}.elementor-widget-heading .elementor-heading-title.elementor-size-xxl{font-size:59px}<\/style>\n<h2>Sopimusehdot<\/h2>\n<ul>\n<li>Koiran omistaja vakuuttaa koiran olevan perusterve, eik\u00e4 se kanna tarttuvia tauteja kuten ripuli, kennelysk\u00e4 tms. ja koira on rokotettu Suomen kennelliiton rokotusohjelman mukaisesti.<\/li>\n<li>Koirien hyvinvoinnista vastaa Dogmanshipin henkil\u00f6kunta, mutta koiran omistaja saa itse valita saako harjoittelijat k\u00e4sitell\u00e4 ja ulkoiluttaa my\u00f6s koiraa.<\/li>\n<li>H\u00e4t\u00e4tapauksissa hoitolan henkil\u00f6kunta on yhteydess\u00e4 omistajaan, mutta mik\u00e4li h\u00e4nt\u00e4 ei tavoiteta, on hoitolalla oikeus vied\u00e4 koira el\u00e4inl\u00e4\u00e4k\u00e4riin. Omistaja on velvollinen maksamaan el\u00e4inl\u00e4\u00e4k\u00e4rik\u00e4ynnist\u00e4 aiheutuneet kulut, mik\u00e4li kyseess\u00e4 ei ole hoitolan henkil\u00f6kunnan toiminnasta aiheutunut laiminly\u00f6nti.<\/li>\n<li><strong>Peruutusehdot<\/strong>: peruutukset tulee tehd\u00e4 viimeist\u00e4\u00e4n viikkoa ennen hoitojakson alkamista. T\u00e4t\u00e4 my\u00f6hemmist\u00e4 peruutuksista veloitamme 15 % hoitohinnasta. Jos peruutus tehd\u00e4\u00e4n alle 24 tuntia ennen hoidon alkua, veloitamme 50 % hoidon kokonaishinnasta, minimiss\u00e4\u00e4n kuitenkin 50 \u20ac.<\/li>\n<\/ul>\n<style>\/*! elementor - v3.23.0 - 25-07-2024 *\/<br \/>\n.elementor-widget-image{text-align:center}.elementor-widget-image a{display:inline-block}.elementor-widget-image a img[src$=\".svg\"]{width:48px}.elementor-widget-image img{vertical-align:middle;display:inline-block}<\/style>\n<p><img fetchpriority=\"high\" decoding=\"async\" src=\"https:\/\/haukkula.fi\/wp-content\/uploads\/2024\/07\/selective-focus-shot-adorable-kooikerhondje-dog-field-1024x736.jpg\" sizes=\"(max-width: 1024px) 100vw, 1024px\" srcset=\"https:\/\/haukkula.fi\/wp-content\/uploads\/2024\/07\/selective-focus-shot-adorable-kooikerhondje-dog-field-1024x736.jpg 1024w, https:\/\/haukkula.fi\/wp-content\/uploads\/2024\/07\/selective-focus-shot-adorable-kooikerhondje-dog-field-300x216.jpg 300w, https:\/\/haukkula.fi\/wp-content\/uploads\/2024\/07\/selective-focus-shot-adorable-kooikerhondje-dog-field-768x552.jpg 768w, https:\/\/haukkula.fi\/wp-content\/uploads\/2024\/07\/selective-focus-shot-adorable-kooikerhondje-dog-field-1536x1104.jpg 1536w, https:\/\/haukkula.fi\/wp-content\/uploads\/2024\/07\/selective-focus-shot-adorable-kooikerhondje-dog-field-2048x1472.jpg 2048w\" alt=\"\" width=\"1024\" height=\"736\" \/><\/p>\n","protected":false},"excerpt":{"rendered":"<p>Sopimusehdot Koiran omistaja vakuuttaa koiran olevan perusterve, eik\u00e4 se kanna tarttuvia tauteja kuten ripuli, kennelysk\u00e4 tms. ja koira on rokotettu [&hellip;]<\/p>\n","protected":false},"author":1,"featured_media":0,"parent":0,"menu_order":0,"comment_status":"closed","ping_status":"closed","template":"elementor_header_footer","meta":{"site-sidebar-layout":"no-sidebar","site-content-layout":"","ast-site-content-layout":"full-width-container","site-content-style":"default","site-sidebar-style":"default","ast-global-header-display":"","ast-banner-title-visibility":"","ast-main-header-display":"","ast-hfb-above-header-display":"","ast-hfb-below-header-display":"","ast-hfb-mobile-header-display":"","site-post-title":"disabled","ast-breadcrumbs-content":"","ast-featured-img":"disabled","footer-sml-layout":"","ast-disable-related-posts":"","theme-transparent-header-meta":"","adv-header-id-meta":"","stick-header-meta":"","header-above-stick-meta":"","header-main-stick-meta":"","header-below-stick-meta":"","astra-migrate-meta-layouts":"default","ast-page-background-enabled":"default","ast-page-background-meta":{"desktop":{"background-color":"var(--ast-global-color-4)","background-image":"","background-repeat":"repeat","background-position":"center center","background-size":"auto","background-attachment":"scroll","background-type":"","background-media":"","overlay-type":"","overlay-color":"","overlay-opacity":"","overlay-gradient":""},"tablet":{"background-color":"","background-image":"","background-repeat":"repeat","background-position":"center center","background-size":"auto","background-attachment":"scroll","background-type":"","background-media":"","overlay-type":"","overlay-color":"","overlay-opacity":"","overlay-gradient":""},"mobile":{"background-color":"","background-image":"","background-repeat":"repeat","background-position":"center center","background-size":"auto","background-attachment":"scroll","background-type":"","background-media":"","overlay-type":"","overlay-color":"","overlay-opacity":"","overlay-gradient":""}},"ast-content-background-meta":{"desktop":{"background-color":"var(--ast-global-color-5)","background-image":"","background-repeat":"repeat","background-position":"center center","background-size":"auto","background-attachment":"scroll","background-type":"","background-media":"","overlay-type":"","overlay-color":"","overlay-opacity":"","overlay-gradient":""},"tablet":{"background-color":"var(--ast-global-color-5)","background-image":"","background-repeat":"repeat","background-position":"center center","background-size":"auto","background-attachment":"scroll","background-type":"","background-media":"","overlay-type":"","overlay-color":"","overlay-opacity":"","overlay-gradient":""},"mobile":{"background-color":"var(--ast-global-color-5)","background-image":"","background-repeat":"repeat","background-position":"center center","background-size":"auto","background-attachment":"scroll","background-type":"","background-media":"","overlay-type":"","overlay-color":"","overlay-opacity":"","overlay-gradient":""}},"footnotes":""},"class_list":["post-176","page","type-page","status-publish","hentry"],"yoast_head":"<!-- This site is optimized with the Yoast SEO plugin v27.4 - https:\/\/yoast.com\/product\/yoast-seo-wordpress\/ -->\n<title>Sopimusehdot - Haukkula<\/title>\n<meta name=\"robots\" content=\"index, follow, max-snippet:-1, max-image-preview:large, max-video-preview:-1\" \/>\n<link rel=\"canonical\" href=\"https:\/\/haukkula.fi\/index.php\/sopimusehdot\/\" \/>\n<meta property=\"og:locale\" content=\"fi_FI\" \/>\n<meta property=\"og:type\" content=\"article\" \/>\n<meta property=\"og:title\" content=\"Sopimusehdot - Haukkula\" \/>\n<meta property=\"og:description\" content=\"Sopimusehdot Koiran omistaja vakuuttaa koiran olevan perusterve, eik\u00e4 se kanna tarttuvia tauteja kuten ripuli, kennelysk\u00e4 tms. ja koira on rokotettu [&hellip;]\" \/>\n<meta property=\"og:url\" content=\"https:\/\/haukkula.fi\/index.php\/sopimusehdot\/\" \/>\n<meta property=\"og:site_name\" content=\"Haukkula\" \/>\n<meta property=\"article:publisher\" content=\"https:\/\/www.facebook.com\/profile.php?id=61562019132185\" \/>\n<meta property=\"article:modified_time\" content=\"2025-01-02T07:40:03+00:00\" \/>\n<meta property=\"og:image\" content=\"https:\/\/haukkula.fi\/wp-content\/uploads\/2024\/07\/selective-focus-shot-adorable-kooikerhondje-dog-field-1024x736.jpg\" \/>\n<meta name=\"twitter:card\" content=\"summary_large_image\" \/>\n<meta name=\"twitter:label1\" content=\"Arvioitu lukuaika\" \/>\n\t<meta name=\"twitter:data1\" content=\"1 minuutti\" \/>\n<script type=\"application\/ld+json\" class=\"yoast-schema-graph\">{\"@context\":\"https:\\\/\\\/schema.org\",\"@graph\":[{\"@type\":\"WebPage\",\"@id\":\"https:\\\/\\\/haukkula.fi\\\/index.php\\\/sopimusehdot\\\/\",\"url\":\"https:\\\/\\\/haukkula.fi\\\/index.php\\\/sopimusehdot\\\/\",\"name\":\"Sopimusehdot - Haukkula\",\"isPartOf\":{\"@id\":\"https:\\\/\\\/haukkula.fi\\\/#website\"},\"primaryImageOfPage\":{\"@id\":\"https:\\\/\\\/haukkula.fi\\\/index.php\\\/sopimusehdot\\\/#primaryimage\"},\"image\":{\"@id\":\"https:\\\/\\\/haukkula.fi\\\/index.php\\\/sopimusehdot\\\/#primaryimage\"},\"thumbnailUrl\":\"https:\\\/\\\/haukkula.fi\\\/wp-content\\\/uploads\\\/2024\\\/07\\\/selective-focus-shot-adorable-kooikerhondje-dog-field-1024x736.jpg\",\"datePublished\":\"2024-08-19T16:15:22+00:00\",\"dateModified\":\"2025-01-02T07:40:03+00:00\",\"breadcrumb\":{\"@id\":\"https:\\\/\\\/haukkula.fi\\\/index.php\\\/sopimusehdot\\\/#breadcrumb\"},\"inLanguage\":\"fi\",\"potentialAction\":[{\"@type\":\"ReadAction\",\"target\":[\"https:\\\/\\\/haukkula.fi\\\/index.php\\\/sopimusehdot\\\/\"]}]},{\"@type\":\"ImageObject\",\"inLanguage\":\"fi\",\"@id\":\"https:\\\/\\\/haukkula.fi\\\/index.php\\\/sopimusehdot\\\/#primaryimage\",\"url\":\"https:\\\/\\\/haukkula.fi\\\/wp-content\\\/uploads\\\/2024\\\/07\\\/selective-focus-shot-adorable-kooikerhondje-dog-field-scaled.jpg\",\"contentUrl\":\"https:\\\/\\\/haukkula.fi\\\/wp-content\\\/uploads\\\/2024\\\/07\\\/selective-focus-shot-adorable-kooikerhondje-dog-field-scaled.jpg\",\"width\":2560,\"height\":1840,\"caption\":\"A selective focus shot of an adorable Kooikerhondje dog in a field\"},{\"@type\":\"BreadcrumbList\",\"@id\":\"https:\\\/\\\/haukkula.fi\\\/index.php\\\/sopimusehdot\\\/#breadcrumb\",\"itemListElement\":[{\"@type\":\"ListItem\",\"position\":1,\"name\":\"Etusivu\",\"item\":\"https:\\\/\\\/haukkula.fi\\\/\"},{\"@type\":\"ListItem\",\"position\":2,\"name\":\"Sopimusehdot\"}]},{\"@type\":\"WebSite\",\"@id\":\"https:\\\/\\\/haukkula.fi\\\/#website\",\"url\":\"https:\\\/\\\/haukkula.fi\\\/\",\"name\":\"Haukkula\",\"description\":\"\",\"potentialAction\":[{\"@type\":\"SearchAction\",\"target\":{\"@type\":\"EntryPoint\",\"urlTemplate\":\"https:\\\/\\\/haukkula.fi\\\/?s={search_term_string}\"},\"query-input\":{\"@type\":\"PropertyValueSpecification\",\"valueRequired\":true,\"valueName\":\"search_term_string\"}}],\"inLanguage\":\"fi\"}]}<\/script>\n<!-- \/ Yoast SEO plugin. -->","yoast_head_json":{"title":"Sopimusehdot - Haukkula","robots":{"index":"index","follow":"follow","max-snippet":"max-snippet:-1","max-image-preview":"max-image-preview:large","max-video-preview":"max-video-preview:-1"},"canonical":"https:\/\/haukkula.fi\/index.php\/sopimusehdot\/","og_locale":"fi_FI","og_type":"article","og_title":"Sopimusehdot - Haukkula","og_description":"Sopimusehdot Koiran omistaja vakuuttaa koiran olevan perusterve, eik\u00e4 se kanna tarttuvia tauteja kuten ripuli, kennelysk\u00e4 tms. ja koira on rokotettu [&hellip;]","og_url":"https:\/\/haukkula.fi\/index.php\/sopimusehdot\/","og_site_name":"Haukkula","article_publisher":"https:\/\/www.facebook.com\/profile.php?id=61562019132185","article_modified_time":"2025-01-02T07:40:03+00:00","og_image":[{"url":"https:\/\/haukkula.fi\/wp-content\/uploads\/2024\/07\/selective-focus-shot-adorable-kooikerhondje-dog-field-1024x736.jpg","type":"","width":"","height":""}],"twitter_card":"summary_large_image","twitter_misc":{"Arvioitu lukuaika":"1 minuutti"},"schema":{"@context":"https:\/\/schema.org","@graph":[{"@type":"WebPage","@id":"https:\/\/haukkula.fi\/index.php\/sopimusehdot\/","url":"https:\/\/haukkula.fi\/index.php\/sopimusehdot\/","name":"Sopimusehdot - Haukkula","isPartOf":{"@id":"https:\/\/haukkula.fi\/#website"},"primaryImageOfPage":{"@id":"https:\/\/haukkula.fi\/index.php\/sopimusehdot\/#primaryimage"},"image":{"@id":"https:\/\/haukkula.fi\/index.php\/sopimusehdot\/#primaryimage"},"thumbnailUrl":"https:\/\/haukkula.fi\/wp-content\/uploads\/2024\/07\/selective-focus-shot-adorable-kooikerhondje-dog-field-1024x736.jpg","datePublished":"2024-08-19T16:15:22+00:00","dateModified":"2025-01-02T07:40:03+00:00","breadcrumb":{"@id":"https:\/\/haukkula.fi\/index.php\/sopimusehdot\/#breadcrumb"},"inLanguage":"fi","potentialAction":[{"@type":"ReadAction","target":["https:\/\/haukkula.fi\/index.php\/sopimusehdot\/"]}]},{"@type":"ImageObject","inLanguage":"fi","@id":"https:\/\/haukkula.fi\/index.php\/sopimusehdot\/#primaryimage","url":"https:\/\/haukkula.fi\/wp-content\/uploads\/2024\/07\/selective-focus-shot-adorable-kooikerhondje-dog-field-scaled.jpg","contentUrl":"https:\/\/haukkula.fi\/wp-content\/uploads\/2024\/07\/selective-focus-shot-adorable-kooikerhondje-dog-field-scaled.jpg","width":2560,"height":1840,"caption":"A selective focus shot of an adorable Kooikerhondje dog in a field"},{"@type":"BreadcrumbList","@id":"https:\/\/haukkula.fi\/index.php\/sopimusehdot\/#breadcrumb","itemListElement":[{"@type":"ListItem","position":1,"name":"Etusivu","item":"https:\/\/haukkula.fi\/"},{"@type":"ListItem","position":2,"name":"Sopimusehdot"}]},{"@type":"WebSite","@id":"https:\/\/haukkula.fi\/#website","url":"https:\/\/haukkula.fi\/","name":"Haukkula","description":"","potentialAction":[{"@type":"SearchAction","target":{"@type":"EntryPoint","urlTemplate":"https:\/\/haukkula.fi\/?s={search_term_string}"},"query-input":{"@type":"PropertyValueSpecification","valueRequired":true,"valueName":"search_term_string"}}],"inLanguage":"fi"}]}},"_links":{"self":[{"href":"https:\/\/haukkula.fi\/index.php\/wp-json\/wp\/v2\/pages\/176","targetHints":{"allow":["GET"]}}],"collection":[{"href":"https:\/\/haukkula.fi\/index.php\/wp-json\/wp\/v2\/pages"}],"about":[{"href":"https:\/\/haukkula.fi\/index.php\/wp-json\/wp\/v2\/types\/page"}],"author":[{"embeddable":true,"href":"https:\/\/haukkula.fi\/index.php\/wp-json\/wp\/v2\/users\/1"}],"replies":[{"embeddable":true,"href":"https:\/\/haukkula.fi\/index.php\/wp-json\/wp\/v2\/comments?post=176"}],"version-history":[{"count":5,"href":"https:\/\/haukkula.fi\/index.php\/wp-json\/wp\/v2\/pages\/176\/revisions"}],"predecessor-version":[{"id":233,"href":"https:\/\/haukkula.fi\/index.php\/wp-json\/wp\/v2\/pages\/176\/revisions\/233"}],"wp:attachment":[{"href":"https:\/\/haukkula.fi\/index.php\/wp-json\/wp\/v2\/media?parent=176"}],"curies":[{"name":"wp","href":"https:\/\/api.w.org\/{rel}","templated":true}]}}