{"id":117,"date":"2024-08-19T15:15:21","date_gmt":"2024-08-19T15:15:21","guid":{"rendered":"https:\/\/haukkula.fi\/?page_id=117"},"modified":"2024-08-19T15:58:33","modified_gmt":"2024-08-19T15:58:33","slug":"meista","status":"publish","type":"page","link":"https:\/\/haukkula.fi\/index.php\/meista\/","title":{"rendered":"Esittely"},"content":{"rendered":"\t\t<div data-elementor-type=\"wp-page\" data-elementor-id=\"117\" class=\"elementor elementor-117\">\n\t\t\t\t<div class=\"elementor-element elementor-element-3e06fd8 e-flex e-con-boxed e-con e-parent\" data-id=\"3e06fd8\" data-element_type=\"container\" data-e-type=\"container\" data-settings=\"{&quot;background_background&quot;:&quot;classic&quot;}\">\n\t\t\t\t\t<div class=\"e-con-inner\">\n\t\t\t\t<div class=\"elementor-element elementor-element-f4601a6 elementor-widget elementor-widget-spacer\" data-id=\"f4601a6\" data-element_type=\"widget\" data-e-type=\"widget\" data-widget_type=\"spacer.default\">\n\t\t\t\t<div class=\"elementor-widget-container\">\n\t\t\t\t\t\t\t<div class=\"elementor-spacer\">\n\t\t\t<div class=\"elementor-spacer-inner\"><\/div>\n\t\t<\/div>\n\t\t\t\t\t\t<\/div>\n\t\t\t\t<\/div>\n\t\t\t\t<div class=\"elementor-element elementor-element-fbf38d9 elementor-widget elementor-widget-heading\" data-id=\"fbf38d9\" data-element_type=\"widget\" data-e-type=\"widget\" data-widget_type=\"heading.default\">\n\t\t\t\t<div class=\"elementor-widget-container\">\n\t\t\t\t\t<h2 class=\"elementor-heading-title elementor-size-default\">ESITTELY<\/h2>\t\t\t\t<\/div>\n\t\t\t\t<\/div>\n\t\t\t\t<div class=\"elementor-element elementor-element-ad5f3e7 elementor-widget elementor-widget-spacer\" data-id=\"ad5f3e7\" data-element_type=\"widget\" data-e-type=\"widget\" data-widget_type=\"spacer.default\">\n\t\t\t\t<div class=\"elementor-widget-container\">\n\t\t\t\t\t\t\t<div class=\"elementor-spacer\">\n\t\t\t<div class=\"elementor-spacer-inner\"><\/div>\n\t\t<\/div>\n\t\t\t\t\t\t<\/div>\n\t\t\t\t<\/div>\n\t\t\t\t\t<\/div>\n\t\t\t\t<\/div>\n\t\t<div class=\"elementor-element elementor-element-5b54434 e-flex e-con-boxed e-con e-parent\" data-id=\"5b54434\" data-element_type=\"container\" data-e-type=\"container\">\n\t\t\t\t\t<div class=\"e-con-inner\">\n\t\t<div class=\"elementor-element elementor-element-f37acd3 e-con-full e-flex e-con e-child\" data-id=\"f37acd3\" data-element_type=\"container\" data-e-type=\"container\">\n\t\t\t\t<div class=\"elementor-element elementor-element-eb5fea9 elementor-invisible elementor-widget elementor-widget-text-editor\" data-id=\"eb5fea9\" data-element_type=\"widget\" data-e-type=\"widget\" data-settings=\"{&quot;_animation&quot;:&quot;fadeInLeft&quot;}\" data-widget_type=\"text-editor.default\">\n\t\t\t\t<div class=\"elementor-widget-container\">\n\t\t\t\t\t\t\t\t\t<p>Olemme Haukkulan yritt\u00e4j\u00e4t Janne ja Hannele Ruokonen. Meill\u00e4 on taustallamme pitk\u00e4 ura opaskoiramaailmassa, 27 ja 18 vuotta, mutta sen ohessa oma yrityksemme Dogmanship Oy on tarjonnut jo vuodesta 2011 asti erityisesti ongelmakoirakoulutusta, pentukursseja, pentutestausta, ravintoneuvontaa ja koirahierontaa.<\/p><p>Kehitimme ja py\u00f6ritimme N\u00e4k\u00f6vammaisten liiton opaskoirakoulun pentuohjelmaa yhdess\u00e4 kymmenen vuoden ajan. Lis\u00e4ksi Janne toimi opaskoirakouluttajana (Guide Dog Mobility Instructor), soveltuvuustestaajana, jalostustoimikunnan j\u00e4senen\u00e4 ja ruokintavastaavana yhteens\u00e4 27 vuoden ajan. Hannele jatkaa edelleen p\u00e4iv\u00e4ty\u00f6ss\u00e4\u00e4n Opaskoirakoulun pentuohjelman koordinaattorina, mutta h\u00e4net voi tavata Haukkulasta ainakin viikonloppuisin.<\/p><p>Janne on ratkonut monenlaisten koirien k\u00e4yt\u00f6songelmia jo vuodesta 2003 toiminimell\u00e4 Tassutaiturit, ja kokemusta on kertynyt laaja-alaisesti niin koti-, harrastus- kuin ty\u00f6koirienkin kouluttamisesta. Jannen koulutusmenetelm\u00e4t perustuvat positiivisen vahvistamisen maksimointiin ja jokaisen koirayksil\u00f6n motivaatioiden ymm\u00e4rt\u00e4miseen.<\/p><p><strong>Janne Ruokonen<\/strong><\/p><ul><li><strong>Opaskoirakouluttaja (GDMI), pentuohjelman vastaava, soveltuvuustestivastaava, ruokintavastaava N\u00e4k\u00f6vammaisten liiton opaskoirakoulu 1997\u20132024<\/strong><\/li><li><strong><span style=\"font-size: 16px;\">Suomen kuulo- ja tukikoirat ry:n yhteisty\u00f6kouluttaja 2023-<\/span><\/strong><\/li><li><strong><span style=\"font-size: 16px;\">International Guide Dog Federation tarkastaja (assessor) 2019<\/span><\/strong><\/li><li><strong><span style=\"font-size: 16px;\">Suomen ammattikoirankouluttajat ry:n puheenjohtaja 2018-<\/span><\/strong><\/li><li><strong><span style=\"font-size: 16px;\">Tuotekehitysty\u00f6n erikoisammattitutkinto, Salpaus 2017\u20132019<\/span><\/strong><\/li><li><strong><span style=\"font-size: 16px;\">Akupunkturisti, Prometheus Institute 2007\u20132012<\/span><\/strong><\/li><li><strong><span style=\"font-size: 16px;\">Ravintoneuvoja, Terveysopisto Salus 2004\u20132007<\/span><\/strong><\/li><li><strong><span style=\"font-size: 16px;\">Koirahieroja, El\u00e4inten luontaisl\u00e4\u00e4kint\u00e4koulu Weter 2003<\/span><\/strong><\/li><li><strong><span style=\"font-size: 16px;\">Asepalvelus &#8211; Sotakoiraosasto, Niinisalo 1991\u20131992<\/span><\/strong><\/li><li><strong><span style=\"font-size: 16px;\">Tassutaiturit tmi perustettu 2003<\/span><\/strong><\/li><li><strong><span style=\"font-size: 16px;\">Dogmanship Oy perustettu 2011<\/span><\/strong><\/li><\/ul>\t\t\t\t\t\t\t\t<\/div>\n\t\t\t\t<\/div>\n\t\t\t\t<\/div>\n\t\t<div class=\"elementor-element elementor-element-3174f52 e-con-full e-flex e-con e-child\" data-id=\"3174f52\" data-element_type=\"container\" data-e-type=\"container\">\n\t\t\t\t<div class=\"elementor-element elementor-element-640f4e9 elementor-invisible elementor-widget elementor-widget-image\" data-id=\"640f4e9\" data-element_type=\"widget\" data-e-type=\"widget\" data-settings=\"{&quot;_animation&quot;:&quot;fadeInRight&quot;}\" data-widget_type=\"image.default\">\n\t\t\t\t<div class=\"elementor-widget-container\">\n\t\t\t\t\t\t\t\t\t\t\t\t\t\t\t<img fetchpriority=\"high\" decoding=\"async\" width=\"767\" height=\"1024\" src=\"https:\/\/haukkula.fi\/wp-content\/uploads\/2024\/08\/haukkula_10-767x1024.jpg\" class=\"attachment-large size-large wp-image-112\" alt=\"\" srcset=\"https:\/\/haukkula.fi\/wp-content\/uploads\/2024\/08\/haukkula_10-767x1024.jpg 767w, https:\/\/haukkula.fi\/wp-content\/uploads\/2024\/08\/haukkula_10-225x300.jpg 225w, https:\/\/haukkula.fi\/wp-content\/uploads\/2024\/08\/haukkula_10-768x1025.jpg 768w, https:\/\/haukkula.fi\/wp-content\/uploads\/2024\/08\/haukkula_10.jpg 1020w\" sizes=\"(max-width: 767px) 100vw, 767px\" \/>\t\t\t\t\t\t\t\t\t\t\t\t\t\t\t<\/div>\n\t\t\t\t<\/div>\n\t\t\t\t<\/div>\n\t\t\t\t\t<\/div>\n\t\t\t\t<\/div>\n\t\t\t\t<\/div>\n\t\t","protected":false},"excerpt":{"rendered":"<p>ESITTELY Olemme Haukkulan yritt\u00e4j\u00e4t Janne ja Hannele Ruokonen. Meill\u00e4 on taustallamme pitk\u00e4 ura opaskoiramaailmassa, 27 ja 18 vuotta, mutta sen [&hellip;]<\/p>\n","protected":false},"author":1,"featured_media":0,"parent":0,"menu_order":0,"comment_status":"closed","ping_status":"closed","template":"elementor_header_footer","meta":{"site-sidebar-layout":"no-sidebar","site-content-layout":"","ast-site-content-layout":"full-width-container","site-content-style":"default","site-sidebar-style":"default","ast-global-header-display":"","ast-banner-title-visibility":"","ast-main-header-display":"","ast-hfb-above-header-display":"","ast-hfb-below-header-display":"","ast-hfb-mobile-header-display":"","site-post-title":"disabled","ast-breadcrumbs-content":"","ast-featured-img":"disabled","footer-sml-layout":"","ast-disable-related-posts":"","theme-transparent-header-meta":"","adv-header-id-meta":"","stick-header-meta":"","header-above-stick-meta":"","header-main-stick-meta":"","header-below-stick-meta":"","astra-migrate-meta-layouts":"default","ast-page-background-enabled":"default","ast-page-background-meta":{"desktop":{"background-color":"var(--ast-global-color-4)","background-image":"","background-repeat":"repeat","background-position":"center center","background-size":"auto","background-attachment":"scroll","background-type":"","background-media":"","overlay-type":"","overlay-color":"","overlay-opacity":"","overlay-gradient":""},"tablet":{"background-color":"","background-image":"","background-repeat":"repeat","background-position":"center center","background-size":"auto","background-attachment":"scroll","background-type":"","background-media":"","overlay-type":"","overlay-color":"","overlay-opacity":"","overlay-gradient":""},"mobile":{"background-color":"","background-image":"","background-repeat":"repeat","background-position":"center center","background-size":"auto","background-attachment":"scroll","background-type":"","background-media":"","overlay-type":"","overlay-color":"","overlay-opacity":"","overlay-gradient":""}},"ast-content-background-meta":{"desktop":{"background-color":"var(--ast-global-color-5)","background-image":"","background-repeat":"repeat","background-position":"center center","background-size":"auto","background-attachment":"scroll","background-type":"","background-media":"","overlay-type":"","overlay-color":"","overlay-opacity":"","overlay-gradient":""},"tablet":{"background-color":"var(--ast-global-color-5)","background-image":"","background-repeat":"repeat","background-position":"center center","background-size":"auto","background-attachment":"scroll","background-type":"","background-media":"","overlay-type":"","overlay-color":"","overlay-opacity":"","overlay-gradient":""},"mobile":{"background-color":"var(--ast-global-color-5)","background-image":"","background-repeat":"repeat","background-position":"center center","background-size":"auto","background-attachment":"scroll","background-type":"","background-media":"","overlay-type":"","overlay-color":"","overlay-opacity":"","overlay-gradient":""}},"footnotes":""},"class_list":["post-117","page","type-page","status-publish","hentry"],"yoast_head":"<!-- This site is optimized with the Yoast SEO plugin v27.4 - https:\/\/yoast.com\/product\/yoast-seo-wordpress\/ -->\n<title>Esittely - Haukkula<\/title>\n<meta name=\"robots\" content=\"index, follow, max-snippet:-1, max-image-preview:large, max-video-preview:-1\" \/>\n<link rel=\"canonical\" href=\"https:\/\/haukkula.fi\/index.php\/meista\/\" \/>\n<meta property=\"og:locale\" content=\"fi_FI\" \/>\n<meta property=\"og:type\" content=\"article\" \/>\n<meta property=\"og:title\" content=\"Esittely - Haukkula\" \/>\n<meta property=\"og:description\" content=\"ESITTELY Olemme Haukkulan yritt\u00e4j\u00e4t Janne ja Hannele Ruokonen. Meill\u00e4 on taustallamme pitk\u00e4 ura opaskoiramaailmassa, 27 ja 18 vuotta, mutta sen [&hellip;]\" \/>\n<meta property=\"og:url\" content=\"https:\/\/haukkula.fi\/index.php\/meista\/\" \/>\n<meta property=\"og:site_name\" content=\"Haukkula\" \/>\n<meta property=\"article:publisher\" content=\"https:\/\/www.facebook.com\/profile.php?id=61562019132185\" \/>\n<meta property=\"article:modified_time\" content=\"2024-08-19T15:58:33+00:00\" \/>\n<meta property=\"og:image\" content=\"https:\/\/haukkula.fi\/wp-content\/uploads\/2024\/08\/haukkula_10-767x1024.jpg\" \/>\n<meta name=\"twitter:card\" content=\"summary_large_image\" \/>\n<meta name=\"twitter:label1\" content=\"Arvioitu lukuaika\" \/>\n\t<meta name=\"twitter:data1\" content=\"1 minuutti\" \/>\n<script type=\"application\/ld+json\" class=\"yoast-schema-graph\">{\"@context\":\"https:\\\/\\\/schema.org\",\"@graph\":[{\"@type\":\"WebPage\",\"@id\":\"https:\\\/\\\/haukkula.fi\\\/index.php\\\/meista\\\/\",\"url\":\"https:\\\/\\\/haukkula.fi\\\/index.php\\\/meista\\\/\",\"name\":\"Esittely - Haukkula\",\"isPartOf\":{\"@id\":\"https:\\\/\\\/haukkula.fi\\\/#website\"},\"primaryImageOfPage\":{\"@id\":\"https:\\\/\\\/haukkula.fi\\\/index.php\\\/meista\\\/#primaryimage\"},\"image\":{\"@id\":\"https:\\\/\\\/haukkula.fi\\\/index.php\\\/meista\\\/#primaryimage\"},\"thumbnailUrl\":\"https:\\\/\\\/haukkula.fi\\\/wp-content\\\/uploads\\\/2024\\\/08\\\/haukkula_10-767x1024.jpg\",\"datePublished\":\"2024-08-19T15:15:21+00:00\",\"dateModified\":\"2024-08-19T15:58:33+00:00\",\"breadcrumb\":{\"@id\":\"https:\\\/\\\/haukkula.fi\\\/index.php\\\/meista\\\/#breadcrumb\"},\"inLanguage\":\"fi\",\"potentialAction\":[{\"@type\":\"ReadAction\",\"target\":[\"https:\\\/\\\/haukkula.fi\\\/index.php\\\/meista\\\/\"]}]},{\"@type\":\"ImageObject\",\"inLanguage\":\"fi\",\"@id\":\"https:\\\/\\\/haukkula.fi\\\/index.php\\\/meista\\\/#primaryimage\",\"url\":\"https:\\\/\\\/haukkula.fi\\\/wp-content\\\/uploads\\\/2024\\\/08\\\/haukkula_10.jpg\",\"contentUrl\":\"https:\\\/\\\/haukkula.fi\\\/wp-content\\\/uploads\\\/2024\\\/08\\\/haukkula_10.jpg\",\"width\":1020,\"height\":1361},{\"@type\":\"BreadcrumbList\",\"@id\":\"https:\\\/\\\/haukkula.fi\\\/index.php\\\/meista\\\/#breadcrumb\",\"itemListElement\":[{\"@type\":\"ListItem\",\"position\":1,\"name\":\"Etusivu\",\"item\":\"https:\\\/\\\/haukkula.fi\\\/\"},{\"@type\":\"ListItem\",\"position\":2,\"name\":\"Esittely\"}]},{\"@type\":\"WebSite\",\"@id\":\"https:\\\/\\\/haukkula.fi\\\/#website\",\"url\":\"https:\\\/\\\/haukkula.fi\\\/\",\"name\":\"Haukkula\",\"description\":\"\",\"potentialAction\":[{\"@type\":\"SearchAction\",\"target\":{\"@type\":\"EntryPoint\",\"urlTemplate\":\"https:\\\/\\\/haukkula.fi\\\/?s={search_term_string}\"},\"query-input\":{\"@type\":\"PropertyValueSpecification\",\"valueRequired\":true,\"valueName\":\"search_term_string\"}}],\"inLanguage\":\"fi\"}]}<\/script>\n<!-- \/ Yoast SEO plugin. -->","yoast_head_json":{"title":"Esittely - Haukkula","robots":{"index":"index","follow":"follow","max-snippet":"max-snippet:-1","max-image-preview":"max-image-preview:large","max-video-preview":"max-video-preview:-1"},"canonical":"https:\/\/haukkula.fi\/index.php\/meista\/","og_locale":"fi_FI","og_type":"article","og_title":"Esittely - Haukkula","og_description":"ESITTELY Olemme Haukkulan yritt\u00e4j\u00e4t Janne ja Hannele Ruokonen. Meill\u00e4 on taustallamme pitk\u00e4 ura opaskoiramaailmassa, 27 ja 18 vuotta, mutta sen [&hellip;]","og_url":"https:\/\/haukkula.fi\/index.php\/meista\/","og_site_name":"Haukkula","article_publisher":"https:\/\/www.facebook.com\/profile.php?id=61562019132185","article_modified_time":"2024-08-19T15:58:33+00:00","og_image":[{"url":"https:\/\/haukkula.fi\/wp-content\/uploads\/2024\/08\/haukkula_10-767x1024.jpg","type":"","width":"","height":""}],"twitter_card":"summary_large_image","twitter_misc":{"Arvioitu lukuaika":"1 minuutti"},"schema":{"@context":"https:\/\/schema.org","@graph":[{"@type":"WebPage","@id":"https:\/\/haukkula.fi\/index.php\/meista\/","url":"https:\/\/haukkula.fi\/index.php\/meista\/","name":"Esittely - Haukkula","isPartOf":{"@id":"https:\/\/haukkula.fi\/#website"},"primaryImageOfPage":{"@id":"https:\/\/haukkula.fi\/index.php\/meista\/#primaryimage"},"image":{"@id":"https:\/\/haukkula.fi\/index.php\/meista\/#primaryimage"},"thumbnailUrl":"https:\/\/haukkula.fi\/wp-content\/uploads\/2024\/08\/haukkula_10-767x1024.jpg","datePublished":"2024-08-19T15:15:21+00:00","dateModified":"2024-08-19T15:58:33+00:00","breadcrumb":{"@id":"https:\/\/haukkula.fi\/index.php\/meista\/#breadcrumb"},"inLanguage":"fi","potentialAction":[{"@type":"ReadAction","target":["https:\/\/haukkula.fi\/index.php\/meista\/"]}]},{"@type":"ImageObject","inLanguage":"fi","@id":"https:\/\/haukkula.fi\/index.php\/meista\/#primaryimage","url":"https:\/\/haukkula.fi\/wp-content\/uploads\/2024\/08\/haukkula_10.jpg","contentUrl":"https:\/\/haukkula.fi\/wp-content\/uploads\/2024\/08\/haukkula_10.jpg","width":1020,"height":1361},{"@type":"BreadcrumbList","@id":"https:\/\/haukkula.fi\/index.php\/meista\/#breadcrumb","itemListElement":[{"@type":"ListItem","position":1,"name":"Etusivu","item":"https:\/\/haukkula.fi\/"},{"@type":"ListItem","position":2,"name":"Esittely"}]},{"@type":"WebSite","@id":"https:\/\/haukkula.fi\/#website","url":"https:\/\/haukkula.fi\/","name":"Haukkula","description":"","potentialAction":[{"@type":"SearchAction","target":{"@type":"EntryPoint","urlTemplate":"https:\/\/haukkula.fi\/?s={search_term_string}"},"query-input":{"@type":"PropertyValueSpecification","valueRequired":true,"valueName":"search_term_string"}}],"inLanguage":"fi"}]}},"_links":{"self":[{"href":"https:\/\/haukkula.fi\/index.php\/wp-json\/wp\/v2\/pages\/117","targetHints":{"allow":["GET"]}}],"collection":[{"href":"https:\/\/haukkula.fi\/index.php\/wp-json\/wp\/v2\/pages"}],"about":[{"href":"https:\/\/haukkula.fi\/index.php\/wp-json\/wp\/v2\/types\/page"}],"author":[{"embeddable":true,"href":"https:\/\/haukkula.fi\/index.php\/wp-json\/wp\/v2\/users\/1"}],"replies":[{"embeddable":true,"href":"https:\/\/haukkula.fi\/index.php\/wp-json\/wp\/v2\/comments?post=117"}],"version-history":[{"count":5,"href":"https:\/\/haukkula.fi\/index.php\/wp-json\/wp\/v2\/pages\/117\/revisions"}],"predecessor-version":[{"id":161,"href":"https:\/\/haukkula.fi\/index.php\/wp-json\/wp\/v2\/pages\/117\/revisions\/161"}],"wp:attachment":[{"href":"https:\/\/haukkula.fi\/index.php\/wp-json\/wp\/v2\/media?parent=117"}],"curies":[{"name":"wp","href":"https:\/\/api.w.org\/{rel}","templated":true}]}}